{"id":1611,"date":"2024-06-07T10:10:49","date_gmt":"2024-06-07T10:10:49","guid":{"rendered":"https:\/\/tecmesrl.net\/fesr\/"},"modified":"2024-06-07T10:18:13","modified_gmt":"2024-06-07T10:18:13","slug":"fesr","status":"publish","type":"page","link":"https:\/\/tecmesrl.net\/es\/fesr\/","title":{"rendered":"FESR"},"content":{"rendered":"<div class=\"fusion-fullwidth fullwidth-box fusion-builder-row-1 fusion-flex-container nonhundred-percent-fullwidth non-hundred-percent-height-scrolling\" style=\"--awb-background-position:left center;--awb-border-radius-top-left:0px;--awb-border-radius-top-right:0px;--awb-border-radius-bottom-right:0px;--awb-border-radius-bottom-left:0px;--awb-margin-top:100px;--awb-margin-bottom:50px;--awb-margin-top-medium:50px;--awb-margin-top-small:30px;--awb-flex-wrap:wrap;\" ><div class=\"fusion-builder-row fusion-row fusion-flex-align-items-flex-start fusion-flex-content-wrap\" style=\"max-width:calc( 1050px + 0px );margin-left: calc(-0px \/ 2 );margin-right: calc(-0px \/ 2 );\"><div class=\"fusion-layout-column fusion_builder_column fusion-builder-column-0 fusion_builder_column_1_1 1_1 fusion-flex-column\" style=\"--awb-bg-size:cover;--awb-width-large:100%;--awb-margin-top-large:0px;--awb-spacing-right-large:0px;--awb-margin-bottom-large:20px;--awb-spacing-left-large:0px;--awb-width-medium:100%;--awb-spacing-right-medium:0px;--awb-spacing-left-medium:0px;--awb-width-small:100%;--awb-spacing-right-small:0px;--awb-spacing-left-small:0px;\"><div class=\"fusion-column-wrapper fusion-column-has-shadow fusion-flex-justify-content-flex-start fusion-content-layout-column\"><div class=\"fusion-text fusion-text-1 fusion-animated\" style=\"--awb-text-color:#283583;\" data-animationType=\"fadeInUp\" data-animationDuration=\"0.6\" data-animationOffset=\"top-into-view\"><h1>FESR<\/h1>\n<\/div><div class=\"fusion-text fusion-text-2 fusion-animated\" data-animationType=\"fadeInUp\" data-animationDuration=\"0.6\" data-animationOffset=\"top-into-view\"><p>Hemos realizado una instalaci\u00f3n fotovoltaica en cubierta, despu\u00e9s de un cuidadoso diagn\u00f3stico energ\u00e9tico, para mejorar la sostenibilidad de nuestra empresa. El objetivo era aumentar la producci\u00f3n de energ\u00eda a partir de fuentes renovables y favorecer el autoconsumo.<\/p>\n<p>Este proyecto no solo reduce los costes energ\u00e9ticos, sino que representa un paso significativo hacia un futuro m\u00e1s sostenible.<\/p>\n<\/div><div style=\"text-align:center;\"><a class=\"fusion-button button-flat button-xlarge button-custom fusion-button-default button-1 fusion-button-span-no fusion-button-default-type fusion-animated\" style=\"--button_accent_color:#ffffff;--button_accent_hover_color:#ffffff;--button_border_hover_color:#ffffff;--button_gradient_top_color:#283583;--button_gradient_bottom_color:#283583;--button_gradient_top_color_hover:#283583;--button_gradient_bottom_color_hover:#283583;\" data-animationType=\"fadeInUp\" data-animationDuration=\"1.5\" data-animationDelay=\"0.2\" data-animationOffset=\"top-into-view\" target=\"_self\" href=\"https:\/\/tecmesrl.net\/wp-content\/uploads\/2024\/06\/FESR-Tecme.pdf\"><span class=\"fusion-button-text awb-button__text awb-button__text--default\">M\u00c1S INFORMACI\u00d3N SOBRE LA FINANCIACI\u00d3N<\/span><\/a><\/div><\/div><\/div><\/div><\/div>\n","protected":false},"excerpt":{"rendered":"","protected":false},"author":1,"featured_media":0,"parent":0,"menu_order":0,"comment_status":"closed","ping_status":"closed","template":"","meta":{"footnotes":""},"class_list":["post-1611","page","type-page","status-publish","hentry"],"yoast_head":"<!-- This site is optimized with the Yoast SEO plugin v27.5 - https:\/\/yoast.com\/product\/yoast-seo-wordpress\/ -->\n<title>FESR - Tecme<\/title>\n<meta name=\"description\" content=\"Instalaci\u00f3n fotovoltaica en cubierta para mejorar la sostenibilidad de la empresa. Aumento de la producci\u00f3n energ\u00e9tica a partir de fuentes renovables y promoci\u00f3n del autoconsumo\" \/>\n<meta name=\"robots\" content=\"index, follow, max-snippet:-1, max-image-preview:large, max-video-preview:-1\" \/>\n<link rel=\"canonical\" href=\"https:\/\/tecmesrl.net\/es\/fesr\/\" \/>\n<meta property=\"og:locale\" content=\"es_ES\" \/>\n<meta property=\"og:type\" content=\"article\" \/>\n<meta property=\"og:title\" content=\"FESR - Tecme\" \/>\n<meta property=\"og:description\" content=\"Instalaci\u00f3n fotovoltaica en cubierta para mejorar la sostenibilidad de la empresa. Aumento de la producci\u00f3n energ\u00e9tica a partir de fuentes renovables y promoci\u00f3n del autoconsumo\" \/>\n<meta property=\"og:url\" content=\"https:\/\/tecmesrl.net\/es\/fesr\/\" \/>\n<meta property=\"og:site_name\" content=\"Tecme\" \/>\n<meta property=\"article:modified_time\" content=\"2024-06-07T10:18:13+00:00\" \/>\n<meta name=\"twitter:card\" content=\"summary_large_image\" \/>\n<meta name=\"twitter:label1\" content=\"Tiempo de lectura\" \/>\n\t<meta name=\"twitter:data1\" content=\"4 minutos\" \/>\n<script type=\"application\/ld+json\" class=\"yoast-schema-graph\">{\"@context\":\"https:\\\/\\\/schema.org\",\"@graph\":[{\"@type\":\"WebPage\",\"@id\":\"https:\\\/\\\/tecmesrl.net\\\/es\\\/fesr\\\/\",\"url\":\"https:\\\/\\\/tecmesrl.net\\\/es\\\/fesr\\\/\",\"name\":\"FESR - Tecme\",\"isPartOf\":{\"@id\":\"https:\\\/\\\/tecmesrl.net\\\/es\\\/#website\"},\"datePublished\":\"2024-06-07T10:10:49+00:00\",\"dateModified\":\"2024-06-07T10:18:13+00:00\",\"description\":\"Instalaci\u00f3n fotovoltaica en cubierta para mejorar la sostenibilidad de la empresa. Aumento de la producci\u00f3n energ\u00e9tica a partir de fuentes renovables y promoci\u00f3n del autoconsumo\",\"breadcrumb\":{\"@id\":\"https:\\\/\\\/tecmesrl.net\\\/es\\\/fesr\\\/#breadcrumb\"},\"inLanguage\":\"es\",\"potentialAction\":[{\"@type\":\"ReadAction\",\"target\":[\"https:\\\/\\\/tecmesrl.net\\\/es\\\/fesr\\\/\"]}]},{\"@type\":\"BreadcrumbList\",\"@id\":\"https:\\\/\\\/tecmesrl.net\\\/es\\\/fesr\\\/#breadcrumb\",\"itemListElement\":[{\"@type\":\"ListItem\",\"position\":1,\"name\":\"Home\",\"item\":\"https:\\\/\\\/tecmesrl.net\\\/es\\\/inicio\\\/\"},{\"@type\":\"ListItem\",\"position\":2,\"name\":\"FESR\"}]},{\"@type\":\"WebSite\",\"@id\":\"https:\\\/\\\/tecmesrl.net\\\/es\\\/#website\",\"url\":\"https:\\\/\\\/tecmesrl.net\\\/es\\\/\",\"name\":\"Tecme\",\"description\":\"Treatment Solutions\",\"potentialAction\":[{\"@type\":\"SearchAction\",\"target\":{\"@type\":\"EntryPoint\",\"urlTemplate\":\"https:\\\/\\\/tecmesrl.net\\\/es\\\/?s={search_term_string}\"},\"query-input\":{\"@type\":\"PropertyValueSpecification\",\"valueRequired\":true,\"valueName\":\"search_term_string\"}}],\"inLanguage\":\"es\"}]}<\/script>\n<!-- \/ Yoast SEO plugin. -->","yoast_head_json":{"title":"FESR - Tecme","description":"Instalaci\u00f3n fotovoltaica en cubierta para mejorar la sostenibilidad de la empresa. Aumento de la producci\u00f3n energ\u00e9tica a partir de fuentes renovables y promoci\u00f3n del autoconsumo","robots":{"index":"index","follow":"follow","max-snippet":"max-snippet:-1","max-image-preview":"max-image-preview:large","max-video-preview":"max-video-preview:-1"},"canonical":"https:\/\/tecmesrl.net\/es\/fesr\/","og_locale":"es_ES","og_type":"article","og_title":"FESR - Tecme","og_description":"Instalaci\u00f3n fotovoltaica en cubierta para mejorar la sostenibilidad de la empresa. Aumento de la producci\u00f3n energ\u00e9tica a partir de fuentes renovables y promoci\u00f3n del autoconsumo","og_url":"https:\/\/tecmesrl.net\/es\/fesr\/","og_site_name":"Tecme","article_modified_time":"2024-06-07T10:18:13+00:00","twitter_card":"summary_large_image","twitter_misc":{"Tiempo de lectura":"4 minutos"},"schema":{"@context":"https:\/\/schema.org","@graph":[{"@type":"WebPage","@id":"https:\/\/tecmesrl.net\/es\/fesr\/","url":"https:\/\/tecmesrl.net\/es\/fesr\/","name":"FESR - Tecme","isPartOf":{"@id":"https:\/\/tecmesrl.net\/es\/#website"},"datePublished":"2024-06-07T10:10:49+00:00","dateModified":"2024-06-07T10:18:13+00:00","description":"Instalaci\u00f3n fotovoltaica en cubierta para mejorar la sostenibilidad de la empresa. Aumento de la producci\u00f3n energ\u00e9tica a partir de fuentes renovables y promoci\u00f3n del autoconsumo","breadcrumb":{"@id":"https:\/\/tecmesrl.net\/es\/fesr\/#breadcrumb"},"inLanguage":"es","potentialAction":[{"@type":"ReadAction","target":["https:\/\/tecmesrl.net\/es\/fesr\/"]}]},{"@type":"BreadcrumbList","@id":"https:\/\/tecmesrl.net\/es\/fesr\/#breadcrumb","itemListElement":[{"@type":"ListItem","position":1,"name":"Home","item":"https:\/\/tecmesrl.net\/es\/inicio\/"},{"@type":"ListItem","position":2,"name":"FESR"}]},{"@type":"WebSite","@id":"https:\/\/tecmesrl.net\/es\/#website","url":"https:\/\/tecmesrl.net\/es\/","name":"Tecme","description":"Treatment Solutions","potentialAction":[{"@type":"SearchAction","target":{"@type":"EntryPoint","urlTemplate":"https:\/\/tecmesrl.net\/es\/?s={search_term_string}"},"query-input":{"@type":"PropertyValueSpecification","valueRequired":true,"valueName":"search_term_string"}}],"inLanguage":"es"}]}},"jetpack_sharing_enabled":true,"_links":{"self":[{"href":"https:\/\/tecmesrl.net\/es\/wp-json\/wp\/v2\/pages\/1611","targetHints":{"allow":["GET"]}}],"collection":[{"href":"https:\/\/tecmesrl.net\/es\/wp-json\/wp\/v2\/pages"}],"about":[{"href":"https:\/\/tecmesrl.net\/es\/wp-json\/wp\/v2\/types\/page"}],"author":[{"embeddable":true,"href":"https:\/\/tecmesrl.net\/es\/wp-json\/wp\/v2\/users\/1"}],"replies":[{"embeddable":true,"href":"https:\/\/tecmesrl.net\/es\/wp-json\/wp\/v2\/comments?post=1611"}],"version-history":[{"count":2,"href":"https:\/\/tecmesrl.net\/es\/wp-json\/wp\/v2\/pages\/1611\/revisions"}],"predecessor-version":[{"id":1613,"href":"https:\/\/tecmesrl.net\/es\/wp-json\/wp\/v2\/pages\/1611\/revisions\/1613"}],"wp:attachment":[{"href":"https:\/\/tecmesrl.net\/es\/wp-json\/wp\/v2\/media?parent=1611"}],"curies":[{"name":"wp","href":"https:\/\/api.w.org\/{rel}","templated":true}]}}